{"id":84,"date":"2019-10-08T20:58:35","date_gmt":"2019-10-08T18:58:35","guid":{"rendered":"http:\/\/caova64.fr\/?page_id=84"},"modified":"2019-10-08T20:58:35","modified_gmt":"2019-10-08T18:58:35","slug":"contactez-nous","status":"publish","type":"page","link":"https:\/\/caova64.fr\/?page_id=84","title":{"rendered":"Contactez-nous"},"content":{"rendered":"\n<p style=\"text-align:left\">Vous souhaitez nous contacter ? Retrouvez toutes nos coordonn\u00e9es ci-dessous :<\/p>\n\n\n\n<h4>Par mail :<\/h4>\n\n\n\n<ul><li>Le pr\u00e9sident : <a href=\"mailto:president@caova64.fr\">president@caova64.fr<\/a><\/li><li>Le secr\u00e9taire : <a href=\"mailto:secretaire@caova64.fr\">secretaire@caova64.fr<\/a><\/li><li>Le tr\u00e9sorier : <a href=\"mailto:tresorier@caova64.fr\">tresorier@caova64.fr<\/a><\/li><\/ul>\n\n\n\n<h4>Par t\u00e9l\u00e9phone :<\/h4>\n\n\n\n<p>Notre num\u00e9ro de t\u00e9l\u00e9phone est le :  <strong><a href=\"tel:+33689138624\">06.89.13.86.24<\/a><\/strong><\/p>\n\n\n\n<h4>Par courrier :<\/h4>\n\n\n\n<p>188 Boulevard de la Paix<br>Bat C<br>64000 Pau<\/p>\n","protected":false},"excerpt":{"rendered":"<p>Vous souhaitez nous contacter ? Retrouvez toutes nos coordonn\u00e9es ci-dessous : Par mail : Le pr\u00e9sident : president@caova64.fr Le secr\u00e9taire&hellip;<\/p>\n","protected":false},"author":1,"featured_media":0,"parent":0,"menu_order":0,"comment_status":"closed","ping_status":"closed","template":"","meta":[],"_links":{"self":[{"href":"https:\/\/caova64.fr\/index.php?rest_route=\/wp\/v2\/pages\/84"}],"collection":[{"href":"https:\/\/caova64.fr\/index.php?rest_route=\/wp\/v2\/pages"}],"about":[{"href":"https:\/\/caova64.fr\/index.php?rest_route=\/wp\/v2\/types\/page"}],"author":[{"embeddable":true,"href":"https:\/\/caova64.fr\/index.php?rest_route=\/wp\/v2\/users\/1"}],"replies":[{"embeddable":true,"href":"https:\/\/caova64.fr\/index.php?rest_route=%2Fwp%2Fv2%2Fcomments&post=84"}],"version-history":[{"count":3,"href":"https:\/\/caova64.fr\/index.php?rest_route=\/wp\/v2\/pages\/84\/revisions"}],"predecessor-version":[{"id":87,"href":"https:\/\/caova64.fr\/index.php?rest_route=\/wp\/v2\/pages\/84\/revisions\/87"}],"wp:attachment":[{"href":"https:\/\/caova64.fr\/index.php?rest_route=%2Fwp%2Fv2%2Fmedia&parent=84"}],"curies":[{"name":"wp","href":"https:\/\/api.w.org\/{rel}","templated":true}]}}